{"id":29,"date":"2016-10-18T03:39:54","date_gmt":"2016-10-18T01:39:54","guid":{"rendered":"http:\/\/remiblaza.com\/fr\/?page_id=29"},"modified":"2020-05-01T22:50:29","modified_gmt":"2020-05-01T20:50:29","slug":"photographie","status":"publish","type":"page","link":"https:\/\/remiblaza.com\/fr\/photographie\/","title":{"rendered":"Photographie"},"content":{"rendered":"<figure id=\"attachment_154\" aria-describedby=\"caption-attachment-154\" style=\"width: 360px\" class=\"wp-caption alignleft\"><a href=\"https:\/\/remiblaza.com\/fr\/photographie\/abstrait-et-macro-photographie\/\"><img loading=\"lazy\" decoding=\"async\" class=\"photo-category wp-image-154 size-shop_isle_banner_homepage\" title=\"Abstrait et Macro Photographie\" src=\"https:\/\/remiblaza.com\/wp-content\/uploads\/2016\/10\/Blue_Wild_Angel-360x235.jpg\" alt=\"Abstrait et Macro Photographie \u00a9 R\u00e9mi Blaza Photographe\" width=\"360\" height=\"235\"><\/a><figcaption id=\"caption-attachment-154\" class=\"wp-caption-text\">Abstrait et Macro<\/figcaption><\/figure>\n<figure id=\"attachment_525\" aria-describedby=\"caption-attachment-525\" style=\"width: 360px\" class=\"wp-caption alignleft\"><a href=\"https:\/\/remiblaza.com\/fr\/photographie\/architecture-et-monuments\/\"><img loading=\"lazy\" decoding=\"async\" class=\"photo-category wp-image-525 size-shop_isle_banner_homepage\" title=\"Architecture et Monuments\" src=\"https:\/\/remiblaza.com\/wp-content\/uploads\/2016\/11\/Pyramid-Lines-Structure-360x235.jpg\" alt=\"Architecture et Monuments | Photographie \u00a9 R\u00e9mi Blaza Photographe\" width=\"360\" height=\"235\"><\/a><figcaption id=\"caption-attachment-525\" class=\"wp-caption-text\">Architecture et Monuments<\/figcaption><\/figure>\n<figure id=\"attachment_280\" aria-describedby=\"caption-attachment-280\" style=\"width: 360px\" class=\"wp-caption alignleft\"><a href=\"https:\/\/remiblaza.com\/fr\/photographie\/lieu-de-culte-spiritualite-basilique-cathedrale-eglise\/\"><img loading=\"lazy\" decoding=\"async\" class=\"photo-category wp-image-280 size-shop_isle_banner_homepage\" title=\"Lieu de culte \u2013 \u00c9glise \u2013 Spiritualit\u00e9\" src=\"https:\/\/remiblaza.com\/wp-content\/uploads\/2016\/11\/Lumineuses_Pensees-360x235.jpg\" alt=\"Lieu de culte \u2013 \u00c9glise \u2013 Spiritualit\u00e9 | Photographie \u00a9 R\u00e9mi Blaza Photographe\" width=\"360\" height=\"235\"><\/a><figcaption id=\"caption-attachment-280\" class=\"wp-caption-text\">Lieu de culte \u2013 \u00c9glise \u2013 Spiritualit\u00e9<\/figcaption><\/figure>\n<figure id=\"attachment_325\" aria-describedby=\"caption-attachment-325\" style=\"width: 360px\" class=\"wp-caption alignleft\"><a href=\"https:\/\/remiblaza.com\/fr\/photographie\/naissance-enfant-bebe-nouveau-ne\/\"><img loading=\"lazy\" decoding=\"async\" class=\"photo-category wp-image-325 size-shop_isle_banner_homepage\" title=\"Naissance - enfant - b\u00e9b\u00e9 &amp; nouveau-n\u00e9\" src=\"https:\/\/remiblaza.com\/wp-content\/uploads\/2016\/11\/Baby-Feet-Color-Balls-360x235.jpg\" alt=\"Naissance - Enfant - B\u00e9b\u00e9 &amp; Nouveau-n\u00e9 | Photographie \u00a9 R\u00e9mi Blaza Photographe\" width=\"360\" height=\"235\"><\/a><figcaption id=\"caption-attachment-325\" class=\"wp-caption-text\">Naissance &#8211; Enfant &#8211; B\u00e9b\u00e9 &amp; Nouveau-n\u00e9<\/figcaption><\/figure>\n<figure id=\"attachment_229\" aria-describedby=\"caption-attachment-229\" style=\"width: 360px\" class=\"wp-caption alignleft\"><a href=\"https:\/\/remiblaza.com\/fr\/photographie\/nature-et-paysage\/\"><img loading=\"lazy\" decoding=\"async\" class=\"photo-category wp-image-229 size-shop_isle_banner_homepage\" title=\"Nature et Paysage\" src=\"https:\/\/remiblaza.com\/wp-content\/uploads\/2016\/10\/Bird_On_a_Cloudy_Blue_Sky-360x235.jpg\" alt=\"Bird on a Cloudy Blue Sky | Photographie \u00a9 R\u00e9mi Blaza Photographe\" width=\"360\" height=\"235\"><\/a><figcaption id=\"caption-attachment-229\" class=\"wp-caption-text\">Nature et Paysage<\/figcaption><\/figure>\n<figure id=\"attachment_216\" aria-describedby=\"caption-attachment-216\" style=\"width: 360px\" class=\"wp-caption alignleft\"><a href=\"https:\/\/remiblaza.com\/fr\/photographie\/paysage-urbain-vie-citadine\/\"><img loading=\"lazy\" decoding=\"async\" class=\"photo-category wp-image-216 size-shop_isle_banner_homepage\" title=\"Paysage Urbain et Vie Citadine\" src=\"https:\/\/remiblaza.com\/wp-content\/uploads\/2016\/10\/Brassa\u00ef_Style-360x235.jpg\" alt=\"Paysage Urbain et Vie Citadine | Photographie \u00a9 R\u00e9mi Blaza Photographe\" width=\"360\" height=\"235\"><\/a><figcaption id=\"caption-attachment-216\" class=\"wp-caption-text\">Paysage Urbain et Vie Citadine<\/figcaption><\/figure>\n<figure id=\"attachment_216\" aria-describedby=\"caption-attachment-216\" style=\"width: 360px\" class=\"wp-caption aligncenter\"><a href=\"https:\/\/remiblaza.com\/fr\/photographie\/rouille-ruines-urbex\/\"><img loading=\"lazy\" decoding=\"async\" class=\"photo-category wp-image-216 size-shop_isle_banner_homepage\" title=\"Rouille ruines et Urbex\" src=\"https:\/\/remiblaza.com\/wp-content\/uploads\/2016\/11\/Rusty_Balloon-360x235.jpg\" alt=\"Rouille ruines et Urbex | Photographie \u00a9 R\u00e9mi Blaza Photographe\" width=\"360\" height=\"235\"><\/a><figcaption id=\"caption-attachment-216\" class=\"wp-caption-text\">Rouille Ruines et Urbex<\/figcaption><\/figure>\n<p style=\"text-align: center;\">&nbsp;<br \/>\n<q class=\"quote\" style=\"text-align: center;\">&nbsp;\u00c0 travers la photographie,<br \/>\nj&rsquo;essaie de saisir le parfait moment et la perspective id\u00e9ale qui feront naitre des sensations ou des \u00e9motions d\u00e8s lors que le regard s&rsquo;y attardera. <\/q><br \/>\n&nbsp;<\/p>\n","protected":false},"excerpt":{"rendered":"<p>&nbsp; &nbsp;\u00c0 travers la photographie, j&rsquo;essaie de saisir le parfait moment et la perspective id\u00e9ale qui feront naitre des sensations ou des \u00e9motions d\u00e8s lors que le regard s&rsquo;y attardera. &nbsp;<\/p>\n","protected":false},"author":1,"featured_media":1977,"parent":0,"menu_order":0,"comment_status":"closed","ping_status":"closed","template":"template-fullwidth.php","meta":{"_monsterinsights_skip_tracking":false,"_monsterinsights_sitenote_active":false,"_monsterinsights_sitenote_note":"","_monsterinsights_sitenote_category":0,"ngg_post_thumbnail":0,"footnotes":""},"class_list":["post-29","page","type-page","status-publish","has-post-thumbnail","hentry"],"yoast_head":"<!-- This site is optimized with the Yoast SEO plugin v27.4 - https:\/\/yoast.com\/product\/yoast-seo-wordpress\/ -->\n<title>R\u00e9mi Blaza Photographie - Abstrait Macro, Paysage Urbain, Nature, B\u00e9b\u00e9, Enfant, Architecture<\/title>\n<meta name=\"description\" content=\"Photographie artistique | Galerie photo : abstrait, macro; paysage urbain; vie citadine; architecture; naissance, enfant, b\u00e9b\u00e9, nouveau-n\u00e9; nature\" \/>\n<meta name=\"robots\" content=\"index, follow, max-snippet:-1, max-image-preview:large, max-video-preview:-1\" \/>\n<link rel=\"canonical\" href=\"https:\/\/remiblaza.com\/fr\/photographie\/\" \/>\n<meta property=\"og:locale\" content=\"fr_FR\" \/>\n<meta property=\"og:type\" content=\"article\" \/>\n<meta property=\"og:title\" content=\"R\u00e9mi Blaza Photographie - Abstrait Macro, Paysage Urbain, Nature, B\u00e9b\u00e9, Enfant, Architecture\" \/>\n<meta property=\"og:description\" content=\"Photographie artistique | Galerie photo : abstrait, macro; paysage urbain; vie citadine; architecture; naissance, enfant, b\u00e9b\u00e9, nouveau-n\u00e9; nature\" \/>\n<meta property=\"og:url\" content=\"https:\/\/remiblaza.com\/fr\/photographie\/\" \/>\n<meta property=\"og:site_name\" content=\"R\u00e9mi Blaza\" \/>\n<meta property=\"article:modified_time\" content=\"2020-05-01T20:50:29+00:00\" \/>\n<meta property=\"og:image\" content=\"https:\/\/remiblaza.com\/wp-content\/uploads\/2017\/03\/Photographie-header-Mosaique_Photographique_Remi_Blaza.jpg\" \/>\n\t<meta property=\"og:image:width\" content=\"1920\" \/>\n\t<meta property=\"og:image:height\" content=\"639\" \/>\n\t<meta property=\"og:image:type\" content=\"image\/jpeg\" \/>\n<meta name=\"twitter:card\" content=\"summary_large_image\" \/>\n<meta name=\"twitter:title\" content=\"R\u00e9mi Blaza Photographie - Abstrait Macro, Paysage Urbain, Nature, B\u00e9b\u00e9, Enfant, Architecture\" \/>\n<meta name=\"twitter:image\" content=\"http:\/\/remiblaza.com\/wp-content\/uploads\/2017\/03\/Photographie-header-Mosaique_Photographique_Remi_Blaza.jpg\" \/>\n<meta name=\"twitter:site\" content=\"@RemiBlaza\" \/>\n<meta name=\"twitter:label1\" content=\"Dur\u00e9e de lecture estim\u00e9e\" \/>\n\t<meta name=\"twitter:data1\" content=\"1 minute\" \/>\n<script type=\"application\/ld+json\" class=\"yoast-schema-graph\">{\"@context\":\"https:\\\/\\\/schema.org\",\"@graph\":[{\"@type\":\"WebPage\",\"@id\":\"https:\\\/\\\/remiblaza.com\\\/fr\\\/photographie\\\/\",\"url\":\"https:\\\/\\\/remiblaza.com\\\/fr\\\/photographie\\\/\",\"name\":\"R\u00e9mi Blaza Photographie - Abstrait Macro, Paysage Urbain, Nature, B\u00e9b\u00e9, Enfant, Architecture\",\"isPartOf\":{\"@id\":\"https:\\\/\\\/remiblaza.com\\\/en\\\/#website\"},\"primaryImageOfPage\":{\"@id\":\"https:\\\/\\\/remiblaza.com\\\/fr\\\/photographie\\\/#primaryimage\"},\"image\":{\"@id\":\"https:\\\/\\\/remiblaza.com\\\/fr\\\/photographie\\\/#primaryimage\"},\"thumbnailUrl\":\"https:\\\/\\\/remiblaza.com\\\/wp-content\\\/uploads\\\/2017\\\/08\\\/Photographie-header-Mosaique_Photographique_Remi_Blaza-reduced.jpg\",\"datePublished\":\"2016-10-18T01:39:54+00:00\",\"dateModified\":\"2020-05-01T20:50:29+00:00\",\"description\":\"Photographie artistique | Galerie photo : abstrait, macro; paysage urbain; vie citadine; architecture; naissance, enfant, b\u00e9b\u00e9, nouveau-n\u00e9; nature\",\"breadcrumb\":{\"@id\":\"https:\\\/\\\/remiblaza.com\\\/fr\\\/photographie\\\/#breadcrumb\"},\"inLanguage\":\"fr-FR\",\"potentialAction\":[{\"@type\":\"ReadAction\",\"target\":[\"https:\\\/\\\/remiblaza.com\\\/fr\\\/photographie\\\/\"]}]},{\"@type\":\"ImageObject\",\"inLanguage\":\"fr-FR\",\"@id\":\"https:\\\/\\\/remiblaza.com\\\/fr\\\/photographie\\\/#primaryimage\",\"url\":\"https:\\\/\\\/remiblaza.com\\\/wp-content\\\/uploads\\\/2017\\\/08\\\/Photographie-header-Mosaique_Photographique_Remi_Blaza-reduced.jpg\",\"contentUrl\":\"https:\\\/\\\/remiblaza.com\\\/wp-content\\\/uploads\\\/2017\\\/08\\\/Photographie-header-Mosaique_Photographique_Remi_Blaza-reduced.jpg\",\"width\":1920,\"height\":639,\"caption\":\"Mosa\u00efque Photographique R\u00e9mi Blaza optimized\"},{\"@type\":\"BreadcrumbList\",\"@id\":\"https:\\\/\\\/remiblaza.com\\\/fr\\\/photographie\\\/#breadcrumb\",\"itemListElement\":[{\"@type\":\"ListItem\",\"position\":1,\"name\":\"Home\",\"item\":\"https:\\\/\\\/remiblaza.com\\\/fr\\\/\"},{\"@type\":\"ListItem\",\"position\":2,\"name\":\"Photographie\"}]},{\"@type\":\"WebSite\",\"@id\":\"https:\\\/\\\/remiblaza.com\\\/en\\\/#website\",\"url\":\"https:\\\/\\\/remiblaza.com\\\/en\\\/\",\"name\":\"R\u00e9mi Blaza\",\"description\":\"Web Editorial, Digital Marketing, Art Photography, Print &amp; Web Design\",\"publisher\":{\"@id\":\"https:\\\/\\\/remiblaza.com\\\/en\\\/#\\\/schema\\\/person\\\/86a96dbf4128b48b6e612ffd703adb25\"},\"potentialAction\":[{\"@type\":\"SearchAction\",\"target\":{\"@type\":\"EntryPoint\",\"urlTemplate\":\"https:\\\/\\\/remiblaza.com\\\/en\\\/?s={search_term_string}\"},\"query-input\":{\"@type\":\"PropertyValueSpecification\",\"valueRequired\":true,\"valueName\":\"search_term_string\"}}],\"inLanguage\":\"fr-FR\"},{\"@type\":[\"Person\",\"Organization\"],\"@id\":\"https:\\\/\\\/remiblaza.com\\\/en\\\/#\\\/schema\\\/person\\\/86a96dbf4128b48b6e612ffd703adb25\",\"name\":\"R\u00e9mi Blaza\",\"image\":{\"@type\":\"ImageObject\",\"inLanguage\":\"fr-FR\",\"@id\":\"https:\\\/\\\/remiblaza.com\\\/wp-content\\\/uploads\\\/2020\\\/04\\\/remi-blaza-portrait-web-small.png\",\"url\":\"https:\\\/\\\/remiblaza.com\\\/wp-content\\\/uploads\\\/2020\\\/04\\\/remi-blaza-portrait-web-small.png\",\"contentUrl\":\"https:\\\/\\\/remiblaza.com\\\/wp-content\\\/uploads\\\/2020\\\/04\\\/remi-blaza-portrait-web-small.png\",\"width\":283,\"height\":283,\"caption\":\"R\u00e9mi Blaza\"},\"logo\":{\"@id\":\"https:\\\/\\\/remiblaza.com\\\/wp-content\\\/uploads\\\/2020\\\/04\\\/remi-blaza-portrait-web-small.png\"},\"sameAs\":[\"https:\\\/\\\/remiblaza.com\"]}]}<\/script>\n<!-- \/ Yoast SEO plugin. -->","yoast_head_json":{"title":"R\u00e9mi Blaza Photographie - Abstrait Macro, Paysage Urbain, Nature, B\u00e9b\u00e9, Enfant, Architecture","description":"Photographie artistique | Galerie photo : abstrait, macro; paysage urbain; vie citadine; architecture; naissance, enfant, b\u00e9b\u00e9, nouveau-n\u00e9; nature","robots":{"index":"index","follow":"follow","max-snippet":"max-snippet:-1","max-image-preview":"max-image-preview:large","max-video-preview":"max-video-preview:-1"},"canonical":"https:\/\/remiblaza.com\/fr\/photographie\/","og_locale":"fr_FR","og_type":"article","og_title":"R\u00e9mi Blaza Photographie - Abstrait Macro, Paysage Urbain, Nature, B\u00e9b\u00e9, Enfant, Architecture","og_description":"Photographie artistique | Galerie photo : abstrait, macro; paysage urbain; vie citadine; architecture; naissance, enfant, b\u00e9b\u00e9, nouveau-n\u00e9; nature","og_url":"https:\/\/remiblaza.com\/fr\/photographie\/","og_site_name":"R\u00e9mi Blaza","article_modified_time":"2020-05-01T20:50:29+00:00","og_image":[{"width":1920,"height":639,"url":"https:\/\/remiblaza.com\/wp-content\/uploads\/2017\/03\/Photographie-header-Mosaique_Photographique_Remi_Blaza.jpg","type":"image\/jpeg"}],"twitter_card":"summary_large_image","twitter_title":"R\u00e9mi Blaza Photographie - Abstrait Macro, Paysage Urbain, Nature, B\u00e9b\u00e9, Enfant, Architecture","twitter_image":"http:\/\/remiblaza.com\/wp-content\/uploads\/2017\/03\/Photographie-header-Mosaique_Photographique_Remi_Blaza.jpg","twitter_site":"@RemiBlaza","twitter_misc":{"Dur\u00e9e de lecture estim\u00e9e":"1 minute"},"schema":{"@context":"https:\/\/schema.org","@graph":[{"@type":"WebPage","@id":"https:\/\/remiblaza.com\/fr\/photographie\/","url":"https:\/\/remiblaza.com\/fr\/photographie\/","name":"R\u00e9mi Blaza Photographie - Abstrait Macro, Paysage Urbain, Nature, B\u00e9b\u00e9, Enfant, Architecture","isPartOf":{"@id":"https:\/\/remiblaza.com\/en\/#website"},"primaryImageOfPage":{"@id":"https:\/\/remiblaza.com\/fr\/photographie\/#primaryimage"},"image":{"@id":"https:\/\/remiblaza.com\/fr\/photographie\/#primaryimage"},"thumbnailUrl":"https:\/\/remiblaza.com\/wp-content\/uploads\/2017\/08\/Photographie-header-Mosaique_Photographique_Remi_Blaza-reduced.jpg","datePublished":"2016-10-18T01:39:54+00:00","dateModified":"2020-05-01T20:50:29+00:00","description":"Photographie artistique | Galerie photo : abstrait, macro; paysage urbain; vie citadine; architecture; naissance, enfant, b\u00e9b\u00e9, nouveau-n\u00e9; nature","breadcrumb":{"@id":"https:\/\/remiblaza.com\/fr\/photographie\/#breadcrumb"},"inLanguage":"fr-FR","potentialAction":[{"@type":"ReadAction","target":["https:\/\/remiblaza.com\/fr\/photographie\/"]}]},{"@type":"ImageObject","inLanguage":"fr-FR","@id":"https:\/\/remiblaza.com\/fr\/photographie\/#primaryimage","url":"https:\/\/remiblaza.com\/wp-content\/uploads\/2017\/08\/Photographie-header-Mosaique_Photographique_Remi_Blaza-reduced.jpg","contentUrl":"https:\/\/remiblaza.com\/wp-content\/uploads\/2017\/08\/Photographie-header-Mosaique_Photographique_Remi_Blaza-reduced.jpg","width":1920,"height":639,"caption":"Mosa\u00efque Photographique R\u00e9mi Blaza optimized"},{"@type":"BreadcrumbList","@id":"https:\/\/remiblaza.com\/fr\/photographie\/#breadcrumb","itemListElement":[{"@type":"ListItem","position":1,"name":"Home","item":"https:\/\/remiblaza.com\/fr\/"},{"@type":"ListItem","position":2,"name":"Photographie"}]},{"@type":"WebSite","@id":"https:\/\/remiblaza.com\/en\/#website","url":"https:\/\/remiblaza.com\/en\/","name":"R\u00e9mi Blaza","description":"Web Editorial, Digital Marketing, Art Photography, Print &amp; Web Design","publisher":{"@id":"https:\/\/remiblaza.com\/en\/#\/schema\/person\/86a96dbf4128b48b6e612ffd703adb25"},"potentialAction":[{"@type":"SearchAction","target":{"@type":"EntryPoint","urlTemplate":"https:\/\/remiblaza.com\/en\/?s={search_term_string}"},"query-input":{"@type":"PropertyValueSpecification","valueRequired":true,"valueName":"search_term_string"}}],"inLanguage":"fr-FR"},{"@type":["Person","Organization"],"@id":"https:\/\/remiblaza.com\/en\/#\/schema\/person\/86a96dbf4128b48b6e612ffd703adb25","name":"R\u00e9mi Blaza","image":{"@type":"ImageObject","inLanguage":"fr-FR","@id":"https:\/\/remiblaza.com\/wp-content\/uploads\/2020\/04\/remi-blaza-portrait-web-small.png","url":"https:\/\/remiblaza.com\/wp-content\/uploads\/2020\/04\/remi-blaza-portrait-web-small.png","contentUrl":"https:\/\/remiblaza.com\/wp-content\/uploads\/2020\/04\/remi-blaza-portrait-web-small.png","width":283,"height":283,"caption":"R\u00e9mi Blaza"},"logo":{"@id":"https:\/\/remiblaza.com\/wp-content\/uploads\/2020\/04\/remi-blaza-portrait-web-small.png"},"sameAs":["https:\/\/remiblaza.com"]}]}},"_links":{"self":[{"href":"https:\/\/remiblaza.com\/fr\/wp-json\/wp\/v2\/pages\/29","targetHints":{"allow":["GET"]}}],"collection":[{"href":"https:\/\/remiblaza.com\/fr\/wp-json\/wp\/v2\/pages"}],"about":[{"href":"https:\/\/remiblaza.com\/fr\/wp-json\/wp\/v2\/types\/page"}],"author":[{"embeddable":true,"href":"https:\/\/remiblaza.com\/fr\/wp-json\/wp\/v2\/users\/1"}],"replies":[{"embeddable":true,"href":"https:\/\/remiblaza.com\/fr\/wp-json\/wp\/v2\/comments?post=29"}],"version-history":[{"count":6,"href":"https:\/\/remiblaza.com\/fr\/wp-json\/wp\/v2\/pages\/29\/revisions"}],"predecessor-version":[{"id":2597,"href":"https:\/\/remiblaza.com\/fr\/wp-json\/wp\/v2\/pages\/29\/revisions\/2597"}],"wp:featuredmedia":[{"embeddable":true,"href":"https:\/\/remiblaza.com\/fr\/wp-json\/wp\/v2\/media\/1977"}],"wp:attachment":[{"href":"https:\/\/remiblaza.com\/fr\/wp-json\/wp\/v2\/media?parent=29"}],"curies":[{"name":"wp","href":"https:\/\/api.w.org\/{rel}","templated":true}]}}