{"id":43,"date":"2016-10-17T01:06:57","date_gmt":"2016-10-16T23:06:57","guid":{"rendered":"http:\/\/remiblaza.com\/fr\/?page_id=43"},"modified":"2025-12-20T00:10:15","modified_gmt":"2025-12-19T23:10:15","slug":"abstrait-et-macro-photographie","status":"publish","type":"page","link":"https:\/\/remiblaza.com\/fr\/photographie\/abstrait-et-macro-photographie\/","title":{"rendered":"Abstrait &#038; Macro"},"content":{"rendered":"<h4>Photographie abstraite et macrophotographie<\/h4>\n<p>ngg_shortcode_0_placeholder<span style=\"vertical-align: inherit;\">&nbsp;<\/span><\/p>\n<p>&nbsp;<\/p>\n","protected":false},"excerpt":{"rendered":"<p>Photographie abstraite et macrophotographie &nbsp; &nbsp;<\/p>\n","protected":false},"author":1,"featured_media":210,"parent":29,"menu_order":0,"comment_status":"closed","ping_status":"closed","template":"template-fullwidth.php","meta":{"_monsterinsights_skip_tracking":false,"_monsterinsights_sitenote_active":false,"_monsterinsights_sitenote_note":"","_monsterinsights_sitenote_category":0,"ngg_post_thumbnail":0,"footnotes":""},"class_list":["post-43","page","type-page","status-publish","has-post-thumbnail","hentry"],"yoast_head":"<!-- This site is optimized with the Yoast SEO plugin v27.3 - https:\/\/yoast.com\/product\/yoast-seo-wordpress\/ -->\n<title>Abstrait et Macro Photographie | Photographie - R\u00e9mi Blaza<\/title>\n<meta name=\"description\" content=\"Photographie abstraite et macrophotographie : Abstract Fire, Blue Crystal Drop, Blue Wild Angel, Bris de Glace, Fire Faces, Pearl Light, Woodline Horizon\" \/>\n<meta name=\"robots\" content=\"index, follow, max-snippet:-1, max-image-preview:large, max-video-preview:-1\" \/>\n<link rel=\"canonical\" href=\"https:\/\/remiblaza.com\/fr\/photographie\/abstrait-et-macro-photographie\/\" \/>\n<meta property=\"og:locale\" content=\"fr_FR\" \/>\n<meta property=\"og:type\" content=\"article\" \/>\n<meta property=\"og:title\" content=\"Abstrait et Macro Photographie | Photographie - R\u00e9mi Blaza\" \/>\n<meta property=\"og:description\" content=\"Photographie abstraite et macrophotographie : Abstract Fire, Blue Crystal Drop, Blue Wild Angel, Bris de Glace, Fire Faces, Pearl Light, Woodline Horizon\" \/>\n<meta property=\"og:url\" content=\"https:\/\/remiblaza.com\/fr\/photographie\/abstrait-et-macro-photographie\/\" \/>\n<meta property=\"og:site_name\" content=\"R\u00e9mi Blaza\" \/>\n<meta property=\"article:modified_time\" content=\"2025-12-19T23:10:15+00:00\" \/>\n<meta property=\"og:image\" content=\"https:\/\/remiblaza.com\/wp-content\/uploads\/2016\/10\/Blue_Wild_Angel.jpg\" \/>\n\t<meta property=\"og:image:width\" content=\"600\" \/>\n\t<meta property=\"og:image:height\" content=\"800\" \/>\n\t<meta property=\"og:image:type\" content=\"image\/jpeg\" \/>\n<meta name=\"twitter:card\" content=\"summary_large_image\" \/>\n<meta name=\"twitter:title\" content=\"Abstrait et Macro Photographie | Photographie - R\u00e9mi Blaza\" \/>\n<meta name=\"twitter:site\" content=\"@RemiBlaza\" \/>\n<meta name=\"twitter:label1\" content=\"Dur\u00e9e de lecture estim\u00e9e\" \/>\n\t<meta name=\"twitter:data1\" content=\"1 minute\" \/>\n<script type=\"application\/ld+json\" class=\"yoast-schema-graph\">{\"@context\":\"https:\\\/\\\/schema.org\",\"@graph\":[{\"@type\":\"WebPage\",\"@id\":\"https:\\\/\\\/remiblaza.com\\\/fr\\\/photographie\\\/abstrait-et-macro-photographie\\\/\",\"url\":\"https:\\\/\\\/remiblaza.com\\\/fr\\\/photographie\\\/abstrait-et-macro-photographie\\\/\",\"name\":\"Abstrait et Macro Photographie | Photographie - R\u00e9mi Blaza\",\"isPartOf\":{\"@id\":\"https:\\\/\\\/remiblaza.com\\\/en\\\/#website\"},\"primaryImageOfPage\":{\"@id\":\"https:\\\/\\\/remiblaza.com\\\/fr\\\/photographie\\\/abstrait-et-macro-photographie\\\/#primaryimage\"},\"image\":{\"@id\":\"https:\\\/\\\/remiblaza.com\\\/fr\\\/photographie\\\/abstrait-et-macro-photographie\\\/#primaryimage\"},\"thumbnailUrl\":\"https:\\\/\\\/remiblaza.com\\\/wp-content\\\/uploads\\\/2016\\\/10\\\/Blue_Wild_Angel.jpg\",\"datePublished\":\"2016-10-16T23:06:57+00:00\",\"dateModified\":\"2025-12-19T23:10:15+00:00\",\"description\":\"Photographie abstraite et macrophotographie : Abstract Fire, Blue Crystal Drop, Blue Wild Angel, Bris de Glace, Fire Faces, Pearl Light, Woodline Horizon\",\"breadcrumb\":{\"@id\":\"https:\\\/\\\/remiblaza.com\\\/fr\\\/photographie\\\/abstrait-et-macro-photographie\\\/#breadcrumb\"},\"inLanguage\":\"fr-FR\",\"potentialAction\":[{\"@type\":\"ReadAction\",\"target\":[\"https:\\\/\\\/remiblaza.com\\\/fr\\\/photographie\\\/abstrait-et-macro-photographie\\\/\"]}]},{\"@type\":\"ImageObject\",\"inLanguage\":\"fr-FR\",\"@id\":\"https:\\\/\\\/remiblaza.com\\\/fr\\\/photographie\\\/abstrait-et-macro-photographie\\\/#primaryimage\",\"url\":\"https:\\\/\\\/remiblaza.com\\\/wp-content\\\/uploads\\\/2016\\\/10\\\/Blue_Wild_Angel.jpg\",\"contentUrl\":\"https:\\\/\\\/remiblaza.com\\\/wp-content\\\/uploads\\\/2016\\\/10\\\/Blue_Wild_Angel.jpg\",\"width\":600,\"height\":800,\"caption\":\"Blue Wild Angel\"},{\"@type\":\"BreadcrumbList\",\"@id\":\"https:\\\/\\\/remiblaza.com\\\/fr\\\/photographie\\\/abstrait-et-macro-photographie\\\/#breadcrumb\",\"itemListElement\":[{\"@type\":\"ListItem\",\"position\":1,\"name\":\"Home\",\"item\":\"https:\\\/\\\/remiblaza.com\\\/fr\\\/\"},{\"@type\":\"ListItem\",\"position\":2,\"name\":\"Photographie\",\"item\":\"https:\\\/\\\/remiblaza.com\\\/fr\\\/photographie\\\/\"},{\"@type\":\"ListItem\",\"position\":3,\"name\":\"Abstrait &#038; Macro\"}]},{\"@type\":\"WebSite\",\"@id\":\"https:\\\/\\\/remiblaza.com\\\/en\\\/#website\",\"url\":\"https:\\\/\\\/remiblaza.com\\\/en\\\/\",\"name\":\"R\u00e9mi Blaza\",\"description\":\"Web Editorial, Digital Marketing, Art Photography, Print &amp; Web Design\",\"publisher\":{\"@id\":\"https:\\\/\\\/remiblaza.com\\\/en\\\/#\\\/schema\\\/person\\\/86a96dbf4128b48b6e612ffd703adb25\"},\"potentialAction\":[{\"@type\":\"SearchAction\",\"target\":{\"@type\":\"EntryPoint\",\"urlTemplate\":\"https:\\\/\\\/remiblaza.com\\\/en\\\/?s={search_term_string}\"},\"query-input\":{\"@type\":\"PropertyValueSpecification\",\"valueRequired\":true,\"valueName\":\"search_term_string\"}}],\"inLanguage\":\"fr-FR\"},{\"@type\":[\"Person\",\"Organization\"],\"@id\":\"https:\\\/\\\/remiblaza.com\\\/en\\\/#\\\/schema\\\/person\\\/86a96dbf4128b48b6e612ffd703adb25\",\"name\":\"R\u00e9mi Blaza\",\"image\":{\"@type\":\"ImageObject\",\"inLanguage\":\"fr-FR\",\"@id\":\"https:\\\/\\\/remiblaza.com\\\/wp-content\\\/uploads\\\/2020\\\/04\\\/remi-blaza-portrait-web-small.png\",\"url\":\"https:\\\/\\\/remiblaza.com\\\/wp-content\\\/uploads\\\/2020\\\/04\\\/remi-blaza-portrait-web-small.png\",\"contentUrl\":\"https:\\\/\\\/remiblaza.com\\\/wp-content\\\/uploads\\\/2020\\\/04\\\/remi-blaza-portrait-web-small.png\",\"width\":283,\"height\":283,\"caption\":\"R\u00e9mi Blaza\"},\"logo\":{\"@id\":\"https:\\\/\\\/remiblaza.com\\\/wp-content\\\/uploads\\\/2020\\\/04\\\/remi-blaza-portrait-web-small.png\"},\"sameAs\":[\"https:\\\/\\\/remiblaza.com\"]}]}<\/script>\n<!-- \/ Yoast SEO plugin. -->","yoast_head_json":{"title":"Abstrait et Macro Photographie | Photographie - R\u00e9mi Blaza","description":"Photographie abstraite et macrophotographie : Abstract Fire, Blue Crystal Drop, Blue Wild Angel, Bris de Glace, Fire Faces, Pearl Light, Woodline Horizon","robots":{"index":"index","follow":"follow","max-snippet":"max-snippet:-1","max-image-preview":"max-image-preview:large","max-video-preview":"max-video-preview:-1"},"canonical":"https:\/\/remiblaza.com\/fr\/photographie\/abstrait-et-macro-photographie\/","og_locale":"fr_FR","og_type":"article","og_title":"Abstrait et Macro Photographie | Photographie - R\u00e9mi Blaza","og_description":"Photographie abstraite et macrophotographie : Abstract Fire, Blue Crystal Drop, Blue Wild Angel, Bris de Glace, Fire Faces, Pearl Light, Woodline Horizon","og_url":"https:\/\/remiblaza.com\/fr\/photographie\/abstrait-et-macro-photographie\/","og_site_name":"R\u00e9mi Blaza","article_modified_time":"2025-12-19T23:10:15+00:00","og_image":[{"width":600,"height":800,"url":"https:\/\/remiblaza.com\/wp-content\/uploads\/2016\/10\/Blue_Wild_Angel.jpg","type":"image\/jpeg"}],"twitter_card":"summary_large_image","twitter_title":"Abstrait et Macro Photographie | Photographie - R\u00e9mi Blaza","twitter_site":"@RemiBlaza","twitter_misc":{"Dur\u00e9e de lecture estim\u00e9e":"1 minute"},"schema":{"@context":"https:\/\/schema.org","@graph":[{"@type":"WebPage","@id":"https:\/\/remiblaza.com\/fr\/photographie\/abstrait-et-macro-photographie\/","url":"https:\/\/remiblaza.com\/fr\/photographie\/abstrait-et-macro-photographie\/","name":"Abstrait et Macro Photographie | Photographie - R\u00e9mi Blaza","isPartOf":{"@id":"https:\/\/remiblaza.com\/en\/#website"},"primaryImageOfPage":{"@id":"https:\/\/remiblaza.com\/fr\/photographie\/abstrait-et-macro-photographie\/#primaryimage"},"image":{"@id":"https:\/\/remiblaza.com\/fr\/photographie\/abstrait-et-macro-photographie\/#primaryimage"},"thumbnailUrl":"https:\/\/remiblaza.com\/wp-content\/uploads\/2016\/10\/Blue_Wild_Angel.jpg","datePublished":"2016-10-16T23:06:57+00:00","dateModified":"2025-12-19T23:10:15+00:00","description":"Photographie abstraite et macrophotographie : Abstract Fire, Blue Crystal Drop, Blue Wild Angel, Bris de Glace, Fire Faces, Pearl Light, Woodline Horizon","breadcrumb":{"@id":"https:\/\/remiblaza.com\/fr\/photographie\/abstrait-et-macro-photographie\/#breadcrumb"},"inLanguage":"fr-FR","potentialAction":[{"@type":"ReadAction","target":["https:\/\/remiblaza.com\/fr\/photographie\/abstrait-et-macro-photographie\/"]}]},{"@type":"ImageObject","inLanguage":"fr-FR","@id":"https:\/\/remiblaza.com\/fr\/photographie\/abstrait-et-macro-photographie\/#primaryimage","url":"https:\/\/remiblaza.com\/wp-content\/uploads\/2016\/10\/Blue_Wild_Angel.jpg","contentUrl":"https:\/\/remiblaza.com\/wp-content\/uploads\/2016\/10\/Blue_Wild_Angel.jpg","width":600,"height":800,"caption":"Blue Wild Angel"},{"@type":"BreadcrumbList","@id":"https:\/\/remiblaza.com\/fr\/photographie\/abstrait-et-macro-photographie\/#breadcrumb","itemListElement":[{"@type":"ListItem","position":1,"name":"Home","item":"https:\/\/remiblaza.com\/fr\/"},{"@type":"ListItem","position":2,"name":"Photographie","item":"https:\/\/remiblaza.com\/fr\/photographie\/"},{"@type":"ListItem","position":3,"name":"Abstrait &#038; Macro"}]},{"@type":"WebSite","@id":"https:\/\/remiblaza.com\/en\/#website","url":"https:\/\/remiblaza.com\/en\/","name":"R\u00e9mi Blaza","description":"Web Editorial, Digital Marketing, Art Photography, Print &amp; Web Design","publisher":{"@id":"https:\/\/remiblaza.com\/en\/#\/schema\/person\/86a96dbf4128b48b6e612ffd703adb25"},"potentialAction":[{"@type":"SearchAction","target":{"@type":"EntryPoint","urlTemplate":"https:\/\/remiblaza.com\/en\/?s={search_term_string}"},"query-input":{"@type":"PropertyValueSpecification","valueRequired":true,"valueName":"search_term_string"}}],"inLanguage":"fr-FR"},{"@type":["Person","Organization"],"@id":"https:\/\/remiblaza.com\/en\/#\/schema\/person\/86a96dbf4128b48b6e612ffd703adb25","name":"R\u00e9mi Blaza","image":{"@type":"ImageObject","inLanguage":"fr-FR","@id":"https:\/\/remiblaza.com\/wp-content\/uploads\/2020\/04\/remi-blaza-portrait-web-small.png","url":"https:\/\/remiblaza.com\/wp-content\/uploads\/2020\/04\/remi-blaza-portrait-web-small.png","contentUrl":"https:\/\/remiblaza.com\/wp-content\/uploads\/2020\/04\/remi-blaza-portrait-web-small.png","width":283,"height":283,"caption":"R\u00e9mi Blaza"},"logo":{"@id":"https:\/\/remiblaza.com\/wp-content\/uploads\/2020\/04\/remi-blaza-portrait-web-small.png"},"sameAs":["https:\/\/remiblaza.com"]}]}},"_links":{"self":[{"href":"https:\/\/remiblaza.com\/fr\/wp-json\/wp\/v2\/pages\/43","targetHints":{"allow":["GET"]}}],"collection":[{"href":"https:\/\/remiblaza.com\/fr\/wp-json\/wp\/v2\/pages"}],"about":[{"href":"https:\/\/remiblaza.com\/fr\/wp-json\/wp\/v2\/types\/page"}],"author":[{"embeddable":true,"href":"https:\/\/remiblaza.com\/fr\/wp-json\/wp\/v2\/users\/1"}],"replies":[{"embeddable":true,"href":"https:\/\/remiblaza.com\/fr\/wp-json\/wp\/v2\/comments?post=43"}],"version-history":[{"count":6,"href":"https:\/\/remiblaza.com\/fr\/wp-json\/wp\/v2\/pages\/43\/revisions"}],"predecessor-version":[{"id":4627,"href":"https:\/\/remiblaza.com\/fr\/wp-json\/wp\/v2\/pages\/43\/revisions\/4627"}],"up":[{"embeddable":true,"href":"https:\/\/remiblaza.com\/fr\/wp-json\/wp\/v2\/pages\/29"}],"wp:featuredmedia":[{"embeddable":true,"href":"https:\/\/remiblaza.com\/fr\/wp-json\/wp\/v2\/media\/210"}],"wp:attachment":[{"href":"https:\/\/remiblaza.com\/fr\/wp-json\/wp\/v2\/media?parent=43"}],"curies":[{"name":"wp","href":"https:\/\/api.w.org\/{rel}","templated":true}]}}