{"id":57,"date":"2016-10-17T01:40:18","date_gmt":"2016-10-16T23:40:18","guid":{"rendered":"http:\/\/remiblaza.com\/fr\/?page_id=57"},"modified":"2025-01-27T23:38:56","modified_gmt":"2025-01-27T22:38:56","slug":"contact","status":"publish","type":"page","link":"https:\/\/remiblaza.com\/fr\/contact\/","title":{"rendered":"Contact"},"content":{"rendered":"<h2 style=\"text-align: center;\">Contact<\/h2>\n<h4 style=\"text-align: center;\">Vous avez une question ? Un projet ?&nbsp; Une suggestion ? Une id\u00e9e ? Une info ?<\/h4>\n<h3><img loading=\"lazy\" decoding=\"async\" class=\"round-corner wp-image-2517 aligncenter\" title=\"Portrait Remi Blaza, R\u00e9mi Blaza, R\u00e9my Blaza, Remy Blaza\" src=\"https:\/\/remiblaza.com\/wp-content\/uploads\/2020\/04\/remi-blaza-portrait-web-small.png\" alt=\"Portrait Remi Blaza, R\u00e9mi Blaza, R\u00e9my Blaza, Remy Blaza\" width=\"180\" height=\"180\"><\/h3>\n<p style=\"text-align: center;\">Pour toute demande, vous pouvez me contacter en remplissant le formulaire ci-dessous.<br \/>\nJe vous r\u00e9pondrai dans les plus brefs d\u00e9lais.<\/p>\n<p style=\"text-align: center;\">Si vous le souhaitez, vous pouvez aussi me retrouver sur les r\u00e9seaux sociaux.<\/p>\n<p style=\"text-align: center;\">\u00c0 tr\u00e8s vite.<\/p>\n<p style=\"text-align: center;\"><a href=\"https:\/\/twitter.com\/RemiBlaza\" target=\"_blank\" rel=\"noopener noreferrer\"><img loading=\"lazy\" decoding=\"async\" class=\"alignnone wp-image-608\" title=\"contact social twitter\" src=\"https:\/\/remiblaza.com\/wp-content\/uploads\/2016\/10\/twitter_circle-128.png\" alt=\"Twitter R\u00e9mi Blaza\" width=\"30\" height=\"30\" srcset=\"https:\/\/remiblaza.com\/wp-content\/uploads\/2016\/10\/twitter_circle-128.png 128w, https:\/\/remiblaza.com\/wp-content\/uploads\/2016\/10\/twitter_circle-128-100x100.png 100w\" sizes=\"auto, (max-width: 30px) 100vw, 30px\" \/><\/a><a href=\"https:\/\/www.linkedin.com\/in\/remiblaza\/fr\" target=\"_blank\" rel=\"noopener noreferrer\">&nbsp; <\/a><a href=\"https:\/\/www.linkedin.com\/in\/remiblaza\/fr\" target=\"_blank\" rel=\"noopener noreferrer\"><img loading=\"lazy\" decoding=\"async\" class=\"alignnone wp-image-617\" src=\"https:\/\/remiblaza.com\/wp-content\/uploads\/2016\/10\/social-linkedin-circle-128.png\" alt=\"Linkedin R\u00e9mi Blaza\" width=\"30\" height=\"30\" srcset=\"https:\/\/remiblaza.com\/wp-content\/uploads\/2016\/10\/social-linkedin-circle-128.png 128w, https:\/\/remiblaza.com\/wp-content\/uploads\/2016\/10\/social-linkedin-circle-128-100x100.png 100w\" sizes=\"auto, (max-width: 30px) 100vw, 30px\" \/><\/a><a href=\"https:\/\/www.facebook.com\/RemiBlaza.PhotoWebdesign\" target=\"_blank\" rel=\"noopener noreferrer\">&nbsp; <\/a> <a href=\"https:\/\/www.instagram.com\/remiblaza\/\" target=\"_blank\" rel=\"blaza instagram r\u00e9mi noopener noreferrer\"><img loading=\"lazy\" decoding=\"async\" class=\"alignnone wp-image-2523\" title=\"Instagram R\u00e9mi Blaza\" src=\"https:\/\/remiblaza.com\/wp-content\/uploads\/2019\/08\/Instagram_AppIcon_64.png\" alt=\"Instagram R\u00e9mi Blaza\" width=\"30\" height=\"30\"><\/a> <a href=\"https:\/\/www.facebook.com\/RemiBlaza.PhotoWebdesign\" target=\"_blank\" rel=\"noopener noreferrer\"><img loading=\"lazy\" decoding=\"async\" class=\"alignnone wp-image-617\" src=\"https:\/\/remiblaza.com\/wp-content\/uploads\/2016\/10\/Facebook-cicrcle128.png\" alt=\"Facebook R\u00e9mi Blaza\" width=\"32\" height=\"32\"><\/a><\/p>\n<p style=\"text-align: center;\">\n<div class=\"wpcf7 no-js\" id=\"wpcf7-f201-o1\" lang=\"fr-FR\" dir=\"ltr\" data-wpcf7-id=\"201\">\n<div class=\"screen-reader-response\"><p role=\"status\" aria-live=\"polite\" aria-atomic=\"true\"><\/p> <ul><\/ul><\/div>\n<form action=\"\/fr\/wp-json\/wp\/v2\/pages\/57#wpcf7-f201-o1\" method=\"post\" class=\"wpcf7-form init\" aria-label=\"Formulaire de contact\" novalidate=\"novalidate\" data-status=\"init\">\n<fieldset class=\"hidden-fields-container\"><input type=\"hidden\" name=\"_wpcf7\" value=\"201\" \/><input type=\"hidden\" name=\"_wpcf7_version\" value=\"6.1.5\" \/><input type=\"hidden\" name=\"_wpcf7_locale\" value=\"fr_FR\" \/><input type=\"hidden\" name=\"_wpcf7_unit_tag\" value=\"wpcf7-f201-o1\" \/><input type=\"hidden\" name=\"_wpcf7_container_post\" value=\"0\" \/><input type=\"hidden\" name=\"_wpcf7_posted_data_hash\" value=\"\" \/><input type=\"hidden\" name=\"_wpcf7_recaptcha_response\" value=\"\" \/>\n<\/fieldset>\n<p><label> Mon nom*<br \/>\n<span class=\"wpcf7-form-control-wrap\" data-name=\"your-name\"><input size=\"40\" maxlength=\"400\" class=\"wpcf7-form-control wpcf7-text wpcf7-validates-as-required\" aria-required=\"true\" aria-invalid=\"false\" value=\"\" type=\"text\" name=\"your-name\" \/><\/span> <\/label>\n<\/p>\n<p><label> Mon e-mail*<br \/>\n<span class=\"wpcf7-form-control-wrap\" data-name=\"your-email\"><input size=\"40\" maxlength=\"400\" class=\"wpcf7-form-control wpcf7-email wpcf7-validates-as-required wpcf7-text wpcf7-validates-as-email\" aria-required=\"true\" aria-invalid=\"false\" value=\"\" type=\"email\" name=\"your-email\" \/><\/span> <\/label>\n<\/p>\n<p><label> Sujet<br \/>\n<span class=\"wpcf7-form-control-wrap\" data-name=\"your-subject\"><input size=\"40\" maxlength=\"400\" class=\"wpcf7-form-control wpcf7-text\" aria-invalid=\"false\" value=\"\" type=\"text\" name=\"your-subject\" \/><\/span> <\/label><br \/>\n<label> Mon message<br \/>\n<span class=\"wpcf7-form-control-wrap\" data-name=\"your-message\"><textarea cols=\"40\" rows=\"10\" maxlength=\"2000\" class=\"wpcf7-form-control wpcf7-textarea\" aria-invalid=\"false\" name=\"your-message\"><\/textarea><\/span> <\/label>\n<\/p>\n\n<p><input class=\"wpcf7-form-control wpcf7-submit has-spinner\" type=\"submit\" value=\"Envoyer\" \/>\n<\/p><p style=\"display: none !important;\" class=\"akismet-fields-container\" data-prefix=\"_wpcf7_ak_\"><label>&#916;<textarea name=\"_wpcf7_ak_hp_textarea\" cols=\"45\" rows=\"8\" maxlength=\"100\"><\/textarea><\/label><input type=\"hidden\" id=\"ak_js_1\" name=\"_wpcf7_ak_js\" value=\"236\"\/><script>document.getElementById( \"ak_js_1\" ).setAttribute( \"value\", ( new Date() ).getTime() );<\/script><\/p><div class=\"wpcf7-response-output\" aria-hidden=\"true\"><\/div>\n<\/form>\n<\/div>\n<\/p>\n<p style=\"text-align: center;\"><br \/>\n<code dir=\"ltr\" translate=\"no\"><\/code><\/p>\n<p style=\"text-align: center;\">This site is protected by reCAPTCHA and the Google <a href=\"https:\/\/policies.google.com\/privacy\">Privacy Policy<\/a> and <a href=\"https:\/\/policies.google.com\/terms\">Terms of Service<\/a> apply.<\/p>\n","protected":false},"excerpt":{"rendered":"<p>Contact Vous avez une question ? Un projet ?&nbsp; Une suggestion ? Une id\u00e9e ? Une info ? Pour toute demande, vous pouvez me contacter en remplissant le formulaire ci-dessous. Je vous r\u00e9pondrai dans les plus brefs d\u00e9lais. Si vous le souhaitez, vous pouvez aussi me retrouver sur les r\u00e9seaux sociaux. \u00c0 tr\u00e8s vite. &nbsp; [&hellip;]<\/p>\n","protected":false},"author":1,"featured_media":0,"parent":0,"menu_order":0,"comment_status":"closed","ping_status":"closed","template":"","meta":{"_monsterinsights_skip_tracking":false,"_monsterinsights_sitenote_active":false,"_monsterinsights_sitenote_note":"","_monsterinsights_sitenote_category":0,"ngg_post_thumbnail":0,"footnotes":""},"class_list":["post-57","page","type-page","status-publish","hentry"],"yoast_head":"<!-- This site is optimized with the Yoast SEO plugin v27.3 - https:\/\/yoast.com\/product\/yoast-seo-wordpress\/ -->\n<title>Contact - R\u00e9mi Blaza - Marketing Digital, Photographie, Print, Web Design<\/title>\n<meta name=\"description\" content=\"Web Master, Infographiste, Digital Marketeur et Photographe, vous pouvez me contacter en remplissant le formulaire de contact ci-dessous.\" \/>\n<meta name=\"robots\" content=\"index, follow, max-snippet:-1, max-image-preview:large, max-video-preview:-1\" \/>\n<link rel=\"canonical\" href=\"https:\/\/remiblaza.com\/fr\/contact\/\" \/>\n<meta property=\"og:locale\" content=\"fr_FR\" \/>\n<meta property=\"og:type\" content=\"article\" \/>\n<meta property=\"og:title\" content=\"Contact - R\u00e9mi Blaza - Marketing Digital, Photographie, Print, Web Design\" \/>\n<meta property=\"og:description\" content=\"Web Master, Infographiste, Digital Marketeur et Photographe, vous pouvez me contacter en remplissant le formulaire de contact ci-dessous.\" \/>\n<meta property=\"og:url\" content=\"https:\/\/remiblaza.com\/fr\/contact\/\" \/>\n<meta property=\"og:site_name\" content=\"R\u00e9mi Blaza\" \/>\n<meta property=\"article:modified_time\" content=\"2025-01-27T22:38:56+00:00\" \/>\n<meta name=\"twitter:card\" content=\"summary_large_image\" \/>\n<meta name=\"twitter:image\" content=\"http:\/\/remiblaza.com\/wp-content\/uploads\/2017\/04\/Avatar-Remi_Blaza-Blazreflection-self-portrait-200x200.jpg\" \/>\n<meta name=\"twitter:site\" content=\"@RemiBlaza\" \/>\n<meta name=\"twitter:label1\" content=\"Dur\u00e9e de lecture estim\u00e9e\" \/>\n\t<meta name=\"twitter:data1\" content=\"2 minutes\" \/>\n<script type=\"application\/ld+json\" class=\"yoast-schema-graph\">{\"@context\":\"https:\\\/\\\/schema.org\",\"@graph\":[{\"@type\":\"WebPage\",\"@id\":\"https:\\\/\\\/remiblaza.com\\\/fr\\\/contact\\\/\",\"url\":\"https:\\\/\\\/remiblaza.com\\\/fr\\\/contact\\\/\",\"name\":\"Contact - R\u00e9mi Blaza - Marketing Digital, Photographie, Print, Web Design\",\"isPartOf\":{\"@id\":\"https:\\\/\\\/remiblaza.com\\\/en\\\/#website\"},\"primaryImageOfPage\":{\"@id\":\"https:\\\/\\\/remiblaza.com\\\/fr\\\/contact\\\/#primaryimage\"},\"image\":{\"@id\":\"https:\\\/\\\/remiblaza.com\\\/fr\\\/contact\\\/#primaryimage\"},\"thumbnailUrl\":\"https:\\\/\\\/remiblaza.com\\\/wp-content\\\/uploads\\\/2020\\\/04\\\/remi-blaza-portrait-web-small.png\",\"datePublished\":\"2016-10-16T23:40:18+00:00\",\"dateModified\":\"2025-01-27T22:38:56+00:00\",\"description\":\"Web Master, Infographiste, Digital Marketeur et Photographe, vous pouvez me contacter en remplissant le formulaire de contact ci-dessous.\",\"breadcrumb\":{\"@id\":\"https:\\\/\\\/remiblaza.com\\\/fr\\\/contact\\\/#breadcrumb\"},\"inLanguage\":\"fr-FR\",\"potentialAction\":[{\"@type\":\"ReadAction\",\"target\":[\"https:\\\/\\\/remiblaza.com\\\/fr\\\/contact\\\/\"]}]},{\"@type\":\"ImageObject\",\"inLanguage\":\"fr-FR\",\"@id\":\"https:\\\/\\\/remiblaza.com\\\/fr\\\/contact\\\/#primaryimage\",\"url\":\"https:\\\/\\\/remiblaza.com\\\/wp-content\\\/uploads\\\/2020\\\/04\\\/remi-blaza-portrait-web-small.png\",\"contentUrl\":\"https:\\\/\\\/remiblaza.com\\\/wp-content\\\/uploads\\\/2020\\\/04\\\/remi-blaza-portrait-web-small.png\"},{\"@type\":\"BreadcrumbList\",\"@id\":\"https:\\\/\\\/remiblaza.com\\\/fr\\\/contact\\\/#breadcrumb\",\"itemListElement\":[{\"@type\":\"ListItem\",\"position\":1,\"name\":\"Home\",\"item\":\"https:\\\/\\\/remiblaza.com\\\/fr\\\/\"},{\"@type\":\"ListItem\",\"position\":2,\"name\":\"Contact\"}]},{\"@type\":\"WebSite\",\"@id\":\"https:\\\/\\\/remiblaza.com\\\/en\\\/#website\",\"url\":\"https:\\\/\\\/remiblaza.com\\\/en\\\/\",\"name\":\"R\u00e9mi Blaza\",\"description\":\"Web Editorial, Digital Marketing, Art Photography, Print &amp; Web Design\",\"publisher\":{\"@id\":\"https:\\\/\\\/remiblaza.com\\\/en\\\/#\\\/schema\\\/person\\\/86a96dbf4128b48b6e612ffd703adb25\"},\"potentialAction\":[{\"@type\":\"SearchAction\",\"target\":{\"@type\":\"EntryPoint\",\"urlTemplate\":\"https:\\\/\\\/remiblaza.com\\\/en\\\/?s={search_term_string}\"},\"query-input\":{\"@type\":\"PropertyValueSpecification\",\"valueRequired\":true,\"valueName\":\"search_term_string\"}}],\"inLanguage\":\"fr-FR\"},{\"@type\":[\"Person\",\"Organization\"],\"@id\":\"https:\\\/\\\/remiblaza.com\\\/en\\\/#\\\/schema\\\/person\\\/86a96dbf4128b48b6e612ffd703adb25\",\"name\":\"R\u00e9mi Blaza\",\"image\":{\"@type\":\"ImageObject\",\"inLanguage\":\"fr-FR\",\"@id\":\"https:\\\/\\\/remiblaza.com\\\/wp-content\\\/uploads\\\/2020\\\/04\\\/remi-blaza-portrait-web-small.png\",\"url\":\"https:\\\/\\\/remiblaza.com\\\/wp-content\\\/uploads\\\/2020\\\/04\\\/remi-blaza-portrait-web-small.png\",\"contentUrl\":\"https:\\\/\\\/remiblaza.com\\\/wp-content\\\/uploads\\\/2020\\\/04\\\/remi-blaza-portrait-web-small.png\",\"width\":283,\"height\":283,\"caption\":\"R\u00e9mi Blaza\"},\"logo\":{\"@id\":\"https:\\\/\\\/remiblaza.com\\\/wp-content\\\/uploads\\\/2020\\\/04\\\/remi-blaza-portrait-web-small.png\"},\"sameAs\":[\"https:\\\/\\\/remiblaza.com\"]}]}<\/script>\n<!-- \/ Yoast SEO plugin. -->","yoast_head_json":{"title":"Contact - R\u00e9mi Blaza - Marketing Digital, Photographie, Print, Web Design","description":"Web Master, Infographiste, Digital Marketeur et Photographe, vous pouvez me contacter en remplissant le formulaire de contact ci-dessous.","robots":{"index":"index","follow":"follow","max-snippet":"max-snippet:-1","max-image-preview":"max-image-preview:large","max-video-preview":"max-video-preview:-1"},"canonical":"https:\/\/remiblaza.com\/fr\/contact\/","og_locale":"fr_FR","og_type":"article","og_title":"Contact - R\u00e9mi Blaza - Marketing Digital, Photographie, Print, Web Design","og_description":"Web Master, Infographiste, Digital Marketeur et Photographe, vous pouvez me contacter en remplissant le formulaire de contact ci-dessous.","og_url":"https:\/\/remiblaza.com\/fr\/contact\/","og_site_name":"R\u00e9mi Blaza","article_modified_time":"2025-01-27T22:38:56+00:00","twitter_card":"summary_large_image","twitter_image":"http:\/\/remiblaza.com\/wp-content\/uploads\/2017\/04\/Avatar-Remi_Blaza-Blazreflection-self-portrait-200x200.jpg","twitter_site":"@RemiBlaza","twitter_misc":{"Dur\u00e9e de lecture estim\u00e9e":"2 minutes"},"schema":{"@context":"https:\/\/schema.org","@graph":[{"@type":"WebPage","@id":"https:\/\/remiblaza.com\/fr\/contact\/","url":"https:\/\/remiblaza.com\/fr\/contact\/","name":"Contact - R\u00e9mi Blaza - Marketing Digital, Photographie, Print, Web Design","isPartOf":{"@id":"https:\/\/remiblaza.com\/en\/#website"},"primaryImageOfPage":{"@id":"https:\/\/remiblaza.com\/fr\/contact\/#primaryimage"},"image":{"@id":"https:\/\/remiblaza.com\/fr\/contact\/#primaryimage"},"thumbnailUrl":"https:\/\/remiblaza.com\/wp-content\/uploads\/2020\/04\/remi-blaza-portrait-web-small.png","datePublished":"2016-10-16T23:40:18+00:00","dateModified":"2025-01-27T22:38:56+00:00","description":"Web Master, Infographiste, Digital Marketeur et Photographe, vous pouvez me contacter en remplissant le formulaire de contact ci-dessous.","breadcrumb":{"@id":"https:\/\/remiblaza.com\/fr\/contact\/#breadcrumb"},"inLanguage":"fr-FR","potentialAction":[{"@type":"ReadAction","target":["https:\/\/remiblaza.com\/fr\/contact\/"]}]},{"@type":"ImageObject","inLanguage":"fr-FR","@id":"https:\/\/remiblaza.com\/fr\/contact\/#primaryimage","url":"https:\/\/remiblaza.com\/wp-content\/uploads\/2020\/04\/remi-blaza-portrait-web-small.png","contentUrl":"https:\/\/remiblaza.com\/wp-content\/uploads\/2020\/04\/remi-blaza-portrait-web-small.png"},{"@type":"BreadcrumbList","@id":"https:\/\/remiblaza.com\/fr\/contact\/#breadcrumb","itemListElement":[{"@type":"ListItem","position":1,"name":"Home","item":"https:\/\/remiblaza.com\/fr\/"},{"@type":"ListItem","position":2,"name":"Contact"}]},{"@type":"WebSite","@id":"https:\/\/remiblaza.com\/en\/#website","url":"https:\/\/remiblaza.com\/en\/","name":"R\u00e9mi Blaza","description":"Web Editorial, Digital Marketing, Art Photography, Print &amp; Web Design","publisher":{"@id":"https:\/\/remiblaza.com\/en\/#\/schema\/person\/86a96dbf4128b48b6e612ffd703adb25"},"potentialAction":[{"@type":"SearchAction","target":{"@type":"EntryPoint","urlTemplate":"https:\/\/remiblaza.com\/en\/?s={search_term_string}"},"query-input":{"@type":"PropertyValueSpecification","valueRequired":true,"valueName":"search_term_string"}}],"inLanguage":"fr-FR"},{"@type":["Person","Organization"],"@id":"https:\/\/remiblaza.com\/en\/#\/schema\/person\/86a96dbf4128b48b6e612ffd703adb25","name":"R\u00e9mi Blaza","image":{"@type":"ImageObject","inLanguage":"fr-FR","@id":"https:\/\/remiblaza.com\/wp-content\/uploads\/2020\/04\/remi-blaza-portrait-web-small.png","url":"https:\/\/remiblaza.com\/wp-content\/uploads\/2020\/04\/remi-blaza-portrait-web-small.png","contentUrl":"https:\/\/remiblaza.com\/wp-content\/uploads\/2020\/04\/remi-blaza-portrait-web-small.png","width":283,"height":283,"caption":"R\u00e9mi Blaza"},"logo":{"@id":"https:\/\/remiblaza.com\/wp-content\/uploads\/2020\/04\/remi-blaza-portrait-web-small.png"},"sameAs":["https:\/\/remiblaza.com"]}]}},"_links":{"self":[{"href":"https:\/\/remiblaza.com\/fr\/wp-json\/wp\/v2\/pages\/57","targetHints":{"allow":["GET"]}}],"collection":[{"href":"https:\/\/remiblaza.com\/fr\/wp-json\/wp\/v2\/pages"}],"about":[{"href":"https:\/\/remiblaza.com\/fr\/wp-json\/wp\/v2\/types\/page"}],"author":[{"embeddable":true,"href":"https:\/\/remiblaza.com\/fr\/wp-json\/wp\/v2\/users\/1"}],"replies":[{"embeddable":true,"href":"https:\/\/remiblaza.com\/fr\/wp-json\/wp\/v2\/comments?post=57"}],"version-history":[{"count":5,"href":"https:\/\/remiblaza.com\/fr\/wp-json\/wp\/v2\/pages\/57\/revisions"}],"predecessor-version":[{"id":3439,"href":"https:\/\/remiblaza.com\/fr\/wp-json\/wp\/v2\/pages\/57\/revisions\/3439"}],"wp:attachment":[{"href":"https:\/\/remiblaza.com\/fr\/wp-json\/wp\/v2\/media?parent=57"}],"curies":[{"name":"wp","href":"https:\/\/api.w.org\/{rel}","templated":true}]}}