{"id":68,"date":"2016-10-17T02:04:33","date_gmt":"2016-10-17T00:04:33","guid":{"rendered":"http:\/\/remiblaza.com\/fr\/?page_id=68"},"modified":"2025-10-17T17:12:00","modified_gmt":"2025-10-17T15:12:00","slug":"paysage-urbain-vie-citadine","status":"publish","type":"page","link":"https:\/\/remiblaza.com\/fr\/photographie\/paysage-urbain-vie-citadine\/","title":{"rendered":"Paysage urbain et Vie Citadine"},"content":{"rendered":"<p>Photographies paysages urbains et vie citadine<\/p>\nngg_shortcode_0_placeholder\n","protected":false},"excerpt":{"rendered":"<p>Photographies paysages urbains et vie citadine \u00a0\u00bb template=\u00a0\u00bb\/home\/remiblaz\/www\/wp-content\/plugins\/nextgen-gallery\/products\/photocrati_nextgen\/modules\/ngglegacy\/view\/gallery-caption-new.php\u00a0\u00bb ngg_triggers_display=\u00a0\u00bbnever\u00a0\u00bb ngg_proofing_display=\u00a0\u00bb0&Prime; order_by=\u00a0\u00bbsortorder\u00a0\u00bb order_direction=\u00a0\u00bbASC\u00a0\u00bb returns=\u00a0\u00bbincluded\u00a0\u00bb maximum_entity_count=\u00a0\u00bb500&Prime;]&nbsp;<\/p>\n","protected":false},"author":1,"featured_media":216,"parent":29,"menu_order":0,"comment_status":"closed","ping_status":"closed","template":"template-fullwidth.php","meta":{"_monsterinsights_skip_tracking":false,"_monsterinsights_sitenote_active":false,"_monsterinsights_sitenote_note":"","_monsterinsights_sitenote_category":0,"ngg_post_thumbnail":0,"footnotes":""},"class_list":["post-68","page","type-page","status-publish","has-post-thumbnail","hentry"],"yoast_head":"<!-- This site is optimized with the Yoast SEO plugin v27.3 - https:\/\/yoast.com\/product\/yoast-seo-wordpress\/ -->\n<title>Paysage urbain et Vie Citadine | Photographie - R\u00e9mi Blaza<\/title>\n<meta name=\"description\" content=\"Photographies paysages urbains et vie citadine: Blurry Underground, Brassa\u00ef Style, Dalicyclette, Escalator to Heaven, Rencontre du Pont des Arts, Yellow cab\" \/>\n<meta name=\"robots\" content=\"index, follow, max-snippet:-1, max-image-preview:large, max-video-preview:-1\" \/>\n<link rel=\"canonical\" href=\"https:\/\/remiblaza.com\/fr\/photographie\/paysage-urbain-vie-citadine\/\" \/>\n<meta property=\"og:locale\" content=\"fr_FR\" \/>\n<meta property=\"og:type\" content=\"article\" \/>\n<meta property=\"og:title\" content=\"Paysage urbain et Vie Citadine | Photographie - R\u00e9mi Blaza\" \/>\n<meta property=\"og:description\" content=\"Photographies paysages urbains et vie citadine: Blurry Underground, Brassa\u00ef Style, Dalicyclette, Escalator to Heaven, Rencontre du Pont des Arts, Yellow cab\" \/>\n<meta property=\"og:url\" content=\"https:\/\/remiblaza.com\/fr\/photographie\/paysage-urbain-vie-citadine\/\" \/>\n<meta property=\"og:site_name\" content=\"R\u00e9mi Blaza\" \/>\n<meta property=\"article:modified_time\" content=\"2025-10-17T15:12:00+00:00\" \/>\n<meta property=\"og:image\" content=\"https:\/\/remiblaza.com\/wp-content\/uploads\/2016\/10\/Brassa\u00ef_Style.jpg\" \/>\n\t<meta property=\"og:image:width\" content=\"800\" \/>\n\t<meta property=\"og:image:height\" content=\"600\" \/>\n\t<meta property=\"og:image:type\" content=\"image\/jpeg\" \/>\n<meta name=\"twitter:card\" content=\"summary_large_image\" \/>\n<meta name=\"twitter:title\" content=\"Paysage urbain et Vie Citadine | Photographie - R\u00e9mi Blaza\" \/>\n<meta name=\"twitter:site\" content=\"@RemiBlaza\" \/>\n<meta name=\"twitter:label1\" content=\"Dur\u00e9e de lecture estim\u00e9e\" \/>\n\t<meta name=\"twitter:data1\" content=\"1 minute\" \/>\n<script type=\"application\/ld+json\" class=\"yoast-schema-graph\">{\"@context\":\"https:\\\/\\\/schema.org\",\"@graph\":[{\"@type\":\"WebPage\",\"@id\":\"https:\\\/\\\/remiblaza.com\\\/fr\\\/photographie\\\/paysage-urbain-vie-citadine\\\/\",\"url\":\"https:\\\/\\\/remiblaza.com\\\/fr\\\/photographie\\\/paysage-urbain-vie-citadine\\\/\",\"name\":\"Paysage urbain et Vie Citadine | Photographie - R\u00e9mi Blaza\",\"isPartOf\":{\"@id\":\"https:\\\/\\\/remiblaza.com\\\/en\\\/#website\"},\"primaryImageOfPage\":{\"@id\":\"https:\\\/\\\/remiblaza.com\\\/fr\\\/photographie\\\/paysage-urbain-vie-citadine\\\/#primaryimage\"},\"image\":{\"@id\":\"https:\\\/\\\/remiblaza.com\\\/fr\\\/photographie\\\/paysage-urbain-vie-citadine\\\/#primaryimage\"},\"thumbnailUrl\":\"https:\\\/\\\/remiblaza.com\\\/wp-content\\\/uploads\\\/2016\\\/10\\\/Brassa\u00ef_Style.jpg\",\"datePublished\":\"2016-10-17T00:04:33+00:00\",\"dateModified\":\"2025-10-17T15:12:00+00:00\",\"description\":\"Photographies paysages urbains et vie citadine: Blurry Underground, Brassa\u00ef Style, Dalicyclette, Escalator to Heaven, Rencontre du Pont des Arts, Yellow cab\",\"breadcrumb\":{\"@id\":\"https:\\\/\\\/remiblaza.com\\\/fr\\\/photographie\\\/paysage-urbain-vie-citadine\\\/#breadcrumb\"},\"inLanguage\":\"fr-FR\",\"potentialAction\":[{\"@type\":\"ReadAction\",\"target\":[\"https:\\\/\\\/remiblaza.com\\\/fr\\\/photographie\\\/paysage-urbain-vie-citadine\\\/\"]}]},{\"@type\":\"ImageObject\",\"inLanguage\":\"fr-FR\",\"@id\":\"https:\\\/\\\/remiblaza.com\\\/fr\\\/photographie\\\/paysage-urbain-vie-citadine\\\/#primaryimage\",\"url\":\"https:\\\/\\\/remiblaza.com\\\/wp-content\\\/uploads\\\/2016\\\/10\\\/Brassa\u00ef_Style.jpg\",\"contentUrl\":\"https:\\\/\\\/remiblaza.com\\\/wp-content\\\/uploads\\\/2016\\\/10\\\/Brassa\u00ef_Style.jpg\",\"width\":800,\"height\":600,\"caption\":\"Brassa\u00ef Style\"},{\"@type\":\"BreadcrumbList\",\"@id\":\"https:\\\/\\\/remiblaza.com\\\/fr\\\/photographie\\\/paysage-urbain-vie-citadine\\\/#breadcrumb\",\"itemListElement\":[{\"@type\":\"ListItem\",\"position\":1,\"name\":\"Home\",\"item\":\"https:\\\/\\\/remiblaza.com\\\/fr\\\/\"},{\"@type\":\"ListItem\",\"position\":2,\"name\":\"Photographie\",\"item\":\"https:\\\/\\\/remiblaza.com\\\/fr\\\/photographie\\\/\"},{\"@type\":\"ListItem\",\"position\":3,\"name\":\"Paysage urbain et Vie Citadine\"}]},{\"@type\":\"WebSite\",\"@id\":\"https:\\\/\\\/remiblaza.com\\\/en\\\/#website\",\"url\":\"https:\\\/\\\/remiblaza.com\\\/en\\\/\",\"name\":\"R\u00e9mi Blaza\",\"description\":\"Web Editorial, Digital Marketing, Art Photography, Print &amp; Web Design\",\"publisher\":{\"@id\":\"https:\\\/\\\/remiblaza.com\\\/en\\\/#\\\/schema\\\/person\\\/86a96dbf4128b48b6e612ffd703adb25\"},\"potentialAction\":[{\"@type\":\"SearchAction\",\"target\":{\"@type\":\"EntryPoint\",\"urlTemplate\":\"https:\\\/\\\/remiblaza.com\\\/en\\\/?s={search_term_string}\"},\"query-input\":{\"@type\":\"PropertyValueSpecification\",\"valueRequired\":true,\"valueName\":\"search_term_string\"}}],\"inLanguage\":\"fr-FR\"},{\"@type\":[\"Person\",\"Organization\"],\"@id\":\"https:\\\/\\\/remiblaza.com\\\/en\\\/#\\\/schema\\\/person\\\/86a96dbf4128b48b6e612ffd703adb25\",\"name\":\"R\u00e9mi Blaza\",\"image\":{\"@type\":\"ImageObject\",\"inLanguage\":\"fr-FR\",\"@id\":\"https:\\\/\\\/remiblaza.com\\\/wp-content\\\/uploads\\\/2020\\\/04\\\/remi-blaza-portrait-web-small.png\",\"url\":\"https:\\\/\\\/remiblaza.com\\\/wp-content\\\/uploads\\\/2020\\\/04\\\/remi-blaza-portrait-web-small.png\",\"contentUrl\":\"https:\\\/\\\/remiblaza.com\\\/wp-content\\\/uploads\\\/2020\\\/04\\\/remi-blaza-portrait-web-small.png\",\"width\":283,\"height\":283,\"caption\":\"R\u00e9mi Blaza\"},\"logo\":{\"@id\":\"https:\\\/\\\/remiblaza.com\\\/wp-content\\\/uploads\\\/2020\\\/04\\\/remi-blaza-portrait-web-small.png\"},\"sameAs\":[\"https:\\\/\\\/remiblaza.com\"]}]}<\/script>\n<!-- \/ Yoast SEO plugin. -->","yoast_head_json":{"title":"Paysage urbain et Vie Citadine | Photographie - R\u00e9mi Blaza","description":"Photographies paysages urbains et vie citadine: Blurry Underground, Brassa\u00ef Style, Dalicyclette, Escalator to Heaven, Rencontre du Pont des Arts, Yellow cab","robots":{"index":"index","follow":"follow","max-snippet":"max-snippet:-1","max-image-preview":"max-image-preview:large","max-video-preview":"max-video-preview:-1"},"canonical":"https:\/\/remiblaza.com\/fr\/photographie\/paysage-urbain-vie-citadine\/","og_locale":"fr_FR","og_type":"article","og_title":"Paysage urbain et Vie Citadine | Photographie - R\u00e9mi Blaza","og_description":"Photographies paysages urbains et vie citadine: Blurry Underground, Brassa\u00ef Style, Dalicyclette, Escalator to Heaven, Rencontre du Pont des Arts, Yellow cab","og_url":"https:\/\/remiblaza.com\/fr\/photographie\/paysage-urbain-vie-citadine\/","og_site_name":"R\u00e9mi Blaza","article_modified_time":"2025-10-17T15:12:00+00:00","og_image":[{"width":800,"height":600,"url":"https:\/\/remiblaza.com\/wp-content\/uploads\/2016\/10\/Brassa\u00ef_Style.jpg","type":"image\/jpeg"}],"twitter_card":"summary_large_image","twitter_title":"Paysage urbain et Vie Citadine | Photographie - R\u00e9mi Blaza","twitter_site":"@RemiBlaza","twitter_misc":{"Dur\u00e9e de lecture estim\u00e9e":"1 minute"},"schema":{"@context":"https:\/\/schema.org","@graph":[{"@type":"WebPage","@id":"https:\/\/remiblaza.com\/fr\/photographie\/paysage-urbain-vie-citadine\/","url":"https:\/\/remiblaza.com\/fr\/photographie\/paysage-urbain-vie-citadine\/","name":"Paysage urbain et Vie Citadine | Photographie - R\u00e9mi Blaza","isPartOf":{"@id":"https:\/\/remiblaza.com\/en\/#website"},"primaryImageOfPage":{"@id":"https:\/\/remiblaza.com\/fr\/photographie\/paysage-urbain-vie-citadine\/#primaryimage"},"image":{"@id":"https:\/\/remiblaza.com\/fr\/photographie\/paysage-urbain-vie-citadine\/#primaryimage"},"thumbnailUrl":"https:\/\/remiblaza.com\/wp-content\/uploads\/2016\/10\/Brassa\u00ef_Style.jpg","datePublished":"2016-10-17T00:04:33+00:00","dateModified":"2025-10-17T15:12:00+00:00","description":"Photographies paysages urbains et vie citadine: Blurry Underground, Brassa\u00ef Style, Dalicyclette, Escalator to Heaven, Rencontre du Pont des Arts, Yellow cab","breadcrumb":{"@id":"https:\/\/remiblaza.com\/fr\/photographie\/paysage-urbain-vie-citadine\/#breadcrumb"},"inLanguage":"fr-FR","potentialAction":[{"@type":"ReadAction","target":["https:\/\/remiblaza.com\/fr\/photographie\/paysage-urbain-vie-citadine\/"]}]},{"@type":"ImageObject","inLanguage":"fr-FR","@id":"https:\/\/remiblaza.com\/fr\/photographie\/paysage-urbain-vie-citadine\/#primaryimage","url":"https:\/\/remiblaza.com\/wp-content\/uploads\/2016\/10\/Brassa\u00ef_Style.jpg","contentUrl":"https:\/\/remiblaza.com\/wp-content\/uploads\/2016\/10\/Brassa\u00ef_Style.jpg","width":800,"height":600,"caption":"Brassa\u00ef Style"},{"@type":"BreadcrumbList","@id":"https:\/\/remiblaza.com\/fr\/photographie\/paysage-urbain-vie-citadine\/#breadcrumb","itemListElement":[{"@type":"ListItem","position":1,"name":"Home","item":"https:\/\/remiblaza.com\/fr\/"},{"@type":"ListItem","position":2,"name":"Photographie","item":"https:\/\/remiblaza.com\/fr\/photographie\/"},{"@type":"ListItem","position":3,"name":"Paysage urbain et Vie Citadine"}]},{"@type":"WebSite","@id":"https:\/\/remiblaza.com\/en\/#website","url":"https:\/\/remiblaza.com\/en\/","name":"R\u00e9mi Blaza","description":"Web Editorial, Digital Marketing, Art Photography, Print &amp; Web Design","publisher":{"@id":"https:\/\/remiblaza.com\/en\/#\/schema\/person\/86a96dbf4128b48b6e612ffd703adb25"},"potentialAction":[{"@type":"SearchAction","target":{"@type":"EntryPoint","urlTemplate":"https:\/\/remiblaza.com\/en\/?s={search_term_string}"},"query-input":{"@type":"PropertyValueSpecification","valueRequired":true,"valueName":"search_term_string"}}],"inLanguage":"fr-FR"},{"@type":["Person","Organization"],"@id":"https:\/\/remiblaza.com\/en\/#\/schema\/person\/86a96dbf4128b48b6e612ffd703adb25","name":"R\u00e9mi Blaza","image":{"@type":"ImageObject","inLanguage":"fr-FR","@id":"https:\/\/remiblaza.com\/wp-content\/uploads\/2020\/04\/remi-blaza-portrait-web-small.png","url":"https:\/\/remiblaza.com\/wp-content\/uploads\/2020\/04\/remi-blaza-portrait-web-small.png","contentUrl":"https:\/\/remiblaza.com\/wp-content\/uploads\/2020\/04\/remi-blaza-portrait-web-small.png","width":283,"height":283,"caption":"R\u00e9mi Blaza"},"logo":{"@id":"https:\/\/remiblaza.com\/wp-content\/uploads\/2020\/04\/remi-blaza-portrait-web-small.png"},"sameAs":["https:\/\/remiblaza.com"]}]}},"_links":{"self":[{"href":"https:\/\/remiblaza.com\/fr\/wp-json\/wp\/v2\/pages\/68","targetHints":{"allow":["GET"]}}],"collection":[{"href":"https:\/\/remiblaza.com\/fr\/wp-json\/wp\/v2\/pages"}],"about":[{"href":"https:\/\/remiblaza.com\/fr\/wp-json\/wp\/v2\/types\/page"}],"author":[{"embeddable":true,"href":"https:\/\/remiblaza.com\/fr\/wp-json\/wp\/v2\/users\/1"}],"replies":[{"embeddable":true,"href":"https:\/\/remiblaza.com\/fr\/wp-json\/wp\/v2\/comments?post=68"}],"version-history":[{"count":5,"href":"https:\/\/remiblaza.com\/fr\/wp-json\/wp\/v2\/pages\/68\/revisions"}],"predecessor-version":[{"id":3478,"href":"https:\/\/remiblaza.com\/fr\/wp-json\/wp\/v2\/pages\/68\/revisions\/3478"}],"up":[{"embeddable":true,"href":"https:\/\/remiblaza.com\/fr\/wp-json\/wp\/v2\/pages\/29"}],"wp:featuredmedia":[{"embeddable":true,"href":"https:\/\/remiblaza.com\/fr\/wp-json\/wp\/v2\/media\/216"}],"wp:attachment":[{"href":"https:\/\/remiblaza.com\/fr\/wp-json\/wp\/v2\/media?parent=68"}],"curies":[{"name":"wp","href":"https:\/\/api.w.org\/{rel}","templated":true}]}}